{"id":8675,"date":"2022-01-25T09:59:56","date_gmt":"2022-01-25T08:59:56","guid":{"rendered":"https:\/\/fsz-herzogenaurach.de\/?page_id=8675"},"modified":"2022-01-27T15:58:09","modified_gmt":"2022-01-27T14:58:09","slug":"tuv","status":"publish","type":"page","link":"https:\/\/fsz-herzogenaurach.de\/en\/tuv\/","title":{"rendered":"T\u00dcV"},"content":{"rendered":"\t\t<div data-elementor-type=\"wp-page\" data-elementor-id=\"8675\" class=\"elementor elementor-8675 elementor-8275\">\n\t\t\t\t\t\t<section class=\"elementor-section elementor-top-section elementor-element elementor-element-e762ed7 elementor-section-boxed elementor-section-height-default elementor-section-height-default\" data-id=\"e762ed7\" data-element_type=\"section\">\n\t\t\t\t\t\t<div class=\"elementor-container elementor-column-gap-default\">\n\t\t\t\t\t<div class=\"elementor-column elementor-col-100 elementor-top-column elementor-element elementor-element-8417edb\" data-id=\"8417edb\" data-element_type=\"column\">\n\t\t\t<div class=\"elementor-widget-wrap elementor-element-populated\">\n\t\t\t\t\t\t<div class=\"elementor-element elementor-element-d980ea7 elementor-widget elementor-widget-spacer\" data-id=\"d980ea7\" data-element_type=\"widget\" data-widget_type=\"spacer.default\">\n\t\t\t\t<div class=\"elementor-widget-container\">\n\t\t\t<style>\/*! elementor - v3.21.0 - 18-04-2024 *\/\n.elementor-column .elementor-spacer-inner{height:var(--spacer-size)}.e-con{--container-widget-width:100%}.e-con-inner>.elementor-widget-spacer,.e-con>.elementor-widget-spacer{width:var(--container-widget-width,var(--spacer-size));--align-self:var(--container-widget-align-self,initial);--flex-shrink:0}.e-con-inner>.elementor-widget-spacer>.elementor-widget-container,.e-con>.elementor-widget-spacer>.elementor-widget-container{height:100%;width:100%}.e-con-inner>.elementor-widget-spacer>.elementor-widget-container>.elementor-spacer,.e-con>.elementor-widget-spacer>.elementor-widget-container>.elementor-spacer{height:100%}.e-con-inner>.elementor-widget-spacer>.elementor-widget-container>.elementor-spacer>.elementor-spacer-inner,.e-con>.elementor-widget-spacer>.elementor-widget-container>.elementor-spacer>.elementor-spacer-inner{height:var(--container-widget-height,var(--spacer-size))}.e-con-inner>.elementor-widget-spacer.elementor-widget-empty,.e-con>.elementor-widget-spacer.elementor-widget-empty{position:relative;min-height:22px;min-width:22px}.e-con-inner>.elementor-widget-spacer.elementor-widget-empty .elementor-widget-empty-icon,.e-con>.elementor-widget-spacer.elementor-widget-empty .elementor-widget-empty-icon{position:absolute;top:0;bottom:0;left:0;right:0;margin:auto;padding:0;width:22px;height:22px}<\/style>\t\t<div class=\"elementor-spacer\">\n\t\t\t<div class=\"elementor-spacer-inner\"><\/div>\n\t\t<\/div>\n\t\t\t\t<\/div>\n\t\t\t\t<\/div>\n\t\t\t\t\t<\/div>\n\t\t<\/div>\n\t\t\t\t\t<\/div>\n\t\t<\/section>\n\t\t\t\t<section class=\"elementor-section elementor-top-section elementor-element elementor-element-4520c27 elementor-section-boxed elementor-section-height-default elementor-section-height-default\" data-id=\"4520c27\" data-element_type=\"section\">\n\t\t\t\t\t\t<div class=\"elementor-container elementor-column-gap-default\">\n\t\t\t\t\t<div class=\"elementor-column elementor-col-100 elementor-top-column elementor-element elementor-element-bbebe15\" data-id=\"bbebe15\" data-element_type=\"column\">\n\t\t\t<div class=\"elementor-widget-wrap elementor-element-populated\">\n\t\t\t\t\t\t<section class=\"elementor-section elementor-inner-section elementor-element elementor-element-40794db elementor-section-boxed elementor-section-height-default elementor-section-height-default\" data-id=\"40794db\" data-element_type=\"section\">\n\t\t\t\t\t\t<div class=\"elementor-container elementor-column-gap-default\">\n\t\t\t\t\t<div class=\"elementor-column elementor-col-50 elementor-inner-column elementor-element elementor-element-d7ba17a\" data-id=\"d7ba17a\" data-element_type=\"column\">\n\t\t\t<div class=\"elementor-widget-wrap elementor-element-populated\">\n\t\t\t\t\t\t<div class=\"elementor-element elementor-element-361b9c0 elementor-widget elementor-widget-witr_section_s_image\" data-id=\"361b9c0\" data-element_type=\"widget\" data-widget_type=\"witr_section_s_image.default\">\n\t\t\t\t<div class=\"elementor-widget-container\">\n\t\t\t\t\n\t\t<div class=\"single_image_area\">\n\t\t\t<div class=\"single_image single_line_option  \">\n\t\t\t\t<!-- image -->\n\t\t\t\t\t\t\t\t\t<img decoding=\"async\" src=\"https:\/\/fsz-herzogenaurach.de\/wp-content\/uploads\/2022\/01\/TUEV-Hauptuntersuchung.jpg\" alt=\"\" \/>\n\t\t\t\t\t\t\n\t\t\t\t\t\t\t\t\t\t\t<\/div>\n\t\t<\/div>\n\t\t\t\n\t\t\t\n\t\t\n\t\t\t\n\t\t\t\t<\/div>\n\t\t\t\t<\/div>\n\t\t\t\t\t<\/div>\n\t\t<\/div>\n\t\t\t\t<div class=\"elementor-column elementor-col-50 elementor-inner-column elementor-element elementor-element-113250e\" data-id=\"113250e\" data-element_type=\"column\">\n\t\t\t<div class=\"elementor-widget-wrap elementor-element-populated\">\n\t\t\t\t\t\t<div class=\"elementor-element elementor-element-e4353e6 poket-star-rating--align-center elementor-widget elementor-widget-witr_section_title\" data-id=\"e4353e6\" data-element_type=\"widget\" data-widget_type=\"witr_section_title.default\">\n\t\t\t\t<div class=\"elementor-widget-container\">\n\t\t\t\t\t\t\t\t<!-- title left -->\n\t\t\t\t\t<div class=\"witr_section_title\">\n\t\t\t\t\t\t<div class=\"witr_section_title_inner text-left\">\n\t\t\t\t\t\t\n\t\t\t\t\t\t\t<!-- icon position -->\n\t\t\t\t\t\t\t\t\n\t\t\t\t\t\t\t<!-- end icon position -->\n\t\t\t\t\t\t\n\t\t\t\t\t\t\n\t\t\t\t\t\t\t<!-- title top -->\n\t\t\t\t\t\t\t\t\t\t\t\t\t\t\t<h2>T\u00dcV directly with us<\/h2>\t\t\n\t\t\t\t\t\t\t\n\t\t\t\t\t\t\t<!-- icon position -->\n\t\t\t\t\t\t\t\t\n\t\t\t\t\t\t\t<!-- end icon position -->\n\n\t\t\t\t\t\t\t\n\t\t\t\t\t\t\t<!-- title middle -->\n\t\t\t\t\t\t\t\t\t\t\t\t\t\t\t<h3>T\u00dcV appointments fast and uncomplicated<\/h3>\t\t\n\t\t\t\t\t\t\t\t\t\t\t\t\t\t<!-- title bottom -->\n\t\t\t\t\t\t\t\t\t\t\t\t\t\t\n\t\t\t\t\t\t\t<!-- icon position -->\n\t\t\t\t\t\t\t\t\t\t\t\t\t\t\n\t\t\t\t\t\t\t<!-- image -->\n\t\t\t\t\t\t\t\t\t\t\t\t\t\t<!-- icon -->\n\t\t\t\t\t\t\t\t\t\t\t\t\t\t\n\t\t\t\t\t\t\t<!-- bar -->\n\t\t\t\t\t\t\t\t\t\t\t\t\t\t<!-- circle bar -->\n\t\t\t\t\t\t\t\t\t\t\t\t\t\t\n\t\t\t\t\t\t\t\t\n\t\t\t\t\t\t\t<!-- end icon position -->\n\n\t\t\t\t\t\t\t<!-- content -->\n\t\t\t\t\t\t\t\t\t\t\t\t\t\t\t<p>Bring your car to us tomorrow and pick it up in the evening with a new T\u00dcV sticker!\nWith us, you can not only have your car subjected to the T\u00dcV inspection, but we can also check your car in advance on request in order to best prepare your vehicle for the T\u00dcV inspection with a defect rectification, if necessary, so that nothing stands in the way of a successful inspection. <\/p>\t\t\n\t\t\t\t\t\t\t\t\t\t\t\t\t<\/div>\n\t\t\t\t\t\t\t<!-- inner title -->\n\t\t\t\t\t\t\t\t\t\t\t\t\t\n\t\t\t\t\t<\/div>\t\t\t\t\n\t\t\t\t\t\t<\/div>\n\t\t\t\t<\/div>\n\t\t\t\t<div class=\"elementor-element elementor-element-7b44ef5 elementor-widget elementor-widget-witr_ac_cl\" data-id=\"7b44ef5\" data-element_type=\"widget\" data-widget_type=\"witr_ac_cl.default\">\n\t\t\t\t<div class=\"elementor-widget-container\">\n\t\t\t\t\t\n\t\t\n\t\t\n\n                <div class=\"accordion_area\">\n                    <div class=\"faq-part\">\n                        <div id=\"accordion\">\n\t\t\t\t\t\t\t\t\t\t\t\t\t\t\t<div class=\"card card-2  \">\n\t\t\t\t\t\t\t\t\t<div class=\"card-header witr_ac_card\">\n\t\t\t\t\t\t\t\t\t\t<a href=\"#\" class=\"card-link witr_ac_style\" data-toggle=\"collapse\" data-target=\"#collapse_d078df6\" aria-expanded=\"true\">\n\t\t\t\t\t\t\t\t\t\t\t<!-- icon -->\n\t\t\t\t\t\t\t\t\t\t\t\t\t\t\t\t\t\t\t\t\t\t\t<i class=\"icofont-check\"><\/i>\n\t\t\t\t\t\t\t\t\t\t\t\t\t\t\t\t\t\t\t\t\t\n\t\t\t\t\t\t\t\t\t\t   Benefits\t\t\t\t\t\t\t\t\t\t<\/a>\n\t\t\t\t\t\t\t\t\t<\/div>\n\t\t\t\t\t\t\t\t\t<div id=\"collapse_d078df6\" class=\"collapse ac_s_padding  \" data-parent=\"#accordion\">\n                                        <ul><li>No time-consuming waiting times at the T\u00dcV <\/li><li>There is no need for a second demonstration in the case of defects that are to be rectified immediately<\/li><li>No extra appointments and workshop visits to rectify defects<\/li><li>No unnecessary costs and no loss of time for a repeat visit to the T\u00dcV (Technical Inspection Agency)<\/li><\/ul>\t\t\t\t\t\t\t\t\t\t\n\t\t\t\t\t\t\t\t\t<\/div>\n\t\t\t\t\t\t\t\t<\/div> <!-- card -->\t\n\t\t\t\t\t\t\t                        <\/div>\n                    <\/div> <!-- faq part -->\t\t\n                <\/div> \n\n\t\t<script type='text\/javascript'>\n\t\t\tjQuery(function($){\t\t\t\t\n\t\t\t\t$('#accordion .card').each(function () {\n\t\t\t\t\tvar $this = $(this);\n\t\t\t\t\t$this.on('click', function (e) {\n\t\t\t\t\t\tvar has = $this.hasClass('active');\n\t\t\t\t\t\t$('#accordion .card').removeClass('active show');\n\t\t\t\t\t\tif (has) {\n\t\t\t\t\t\t\t$this.removeClass('active show');\n\t\t\t\t\t\t} else {\n\t\t\t\t\t\t\t$this.addClass('active show');\n\t\t\t\t\t\t}\n\t\t\t\t\t});\n\t\t\t\t});\n\t\t\t});\n\t\t<\/script>\t\t\t\t\t\n\t\t\t\t<\/div>\n\t\t\t\t<\/div>\n\t\t\t\t\t<\/div>\n\t\t<\/div>\n\t\t\t\t\t<\/div>\n\t\t<\/section>\n\t\t\t\t\t<\/div>\n\t\t<\/div>\n\t\t\t\t\t<\/div>\n\t\t<\/section>\n\t\t\t\t<section class=\"elementor-section elementor-top-section elementor-element elementor-element-37b15861 elementor-section-boxed elementor-section-height-default elementor-section-height-default\" data-id=\"37b15861\" data-element_type=\"section\" data-settings=\"{&quot;background_background&quot;:&quot;classic&quot;}\">\n\t\t\t\t\t\t<div class=\"elementor-container elementor-column-gap-default\">\n\t\t\t\t\t<div class=\"elementor-column elementor-col-100 elementor-top-column elementor-element elementor-element-6115d046\" data-id=\"6115d046\" data-element_type=\"column\" data-settings=\"{&quot;background_background&quot;:&quot;classic&quot;}\">\n\t\t\t<div class=\"elementor-widget-wrap elementor-element-populated\">\n\t\t\t\t\t\t<section class=\"elementor-section elementor-inner-section elementor-element elementor-element-4f96779e elementor-section-boxed elementor-section-height-default elementor-section-height-default\" data-id=\"4f96779e\" data-element_type=\"section\">\n\t\t\t\t\t\t<div class=\"elementor-container elementor-column-gap-default\">\n\t\t\t\t\t<div class=\"elementor-column elementor-col-50 elementor-inner-column elementor-element elementor-element-16e36af5\" data-id=\"16e36af5\" data-element_type=\"column\">\n\t\t\t<div class=\"elementor-widget-wrap elementor-element-populated\">\n\t\t\t\t\t\t<div class=\"elementor-element elementor-element-4252ebe5 elementor-widget elementor-widget-witr_section_service\" data-id=\"4252ebe5\" data-element_type=\"widget\" data-widget_type=\"witr_section_service.default\">\n\t\t\t\t<div class=\"elementor-widget-container\">\n\t\t\t\t\n\t\t\n\t\t\t<div class=\"em-service2 sleft all_color_service\">\n\t\t\t\t<div class=\"em_service_content \">\n\t\t\t\t\t<div class=\"em_single_service_text  \">\n\t\t\t\t\t\t<div class=\"service_top_image\">\n\t\t\t\t\t\t\t<!-- image -->\n\t\t\t\t\t\t\t\t\t\t\n\t\t\t\t\t\t<\/div>\n\t\t\t\t\t\t<div class=\"text_box witr_s_flex\">\n\t\t\t\t\t\t\t<div class=\"service_top_text all_icon_color\">\n\t\t\t\t\t\t\t\t<div class=\"em-service-icon\">\n\t\t\t\t\t\t\t\t\t<!-- icon -->\n\t\t\t\t\t\t\t\t\t\t\t\t\t\t\t\t\t\t\t<i class=\"icofont icofont-open-mouth\"><\/i>\n\t\t\t\t\t\t\t\t\t\t\t\t\t\t\n\t\t\t\t\t\t\t\t\t<!-- custom icon -->\n\t\t\t\t\t\t\t\t\t\t\t\t\t\t\t\t\t\t<!-- image -->\n\t\t\t\t\t\t\t\t\t\t\t\t\t\n\t\t\t\t\t\t\t\t<\/div>\t\t\t\n\t\t\t\t\t\t\t<\/div>\n\t\t\t\t\t\t\t<div class=\"em-service-inner\">\n\t\t\t\t\t\t\t\t<div class=\"em-service-title\">\n\t\t\t\t\t\t\t\t\t<!-- title -->\n\t\t\t\t\t\t\t\t\t\t\t\t\t\t\t\t\t\t\t\t\t\t\t\t\t\t\t<h3>Send us your date request <\/h3>\n\t\t\t\t\t\t\t\t\t\t\t\t\t\t\t\t\t\t\t\t\t\t\t\t\t\t\t<!-- content -->\n\t\t\t\t\t\t\t\t<\/div>\t\t\t\t\t\t\n\t\t\t\t\t\t\t\t<div class=\"em-service-desc\">\n\t\t\t\t\t\t\t\t\t\t\t\t\t\t\t\t\t\t\t<p>Please tell us what you would like help with <\/p>\t\t\n\t\t\t\t\t\t\t\t\t\t\t\t\t\t\t\t\t<\/div>\n\t\t\t\t\t\t\t\t<!-- button -->\n\t\t\t\t\t\t\t\t\t\t\t\t\n\t\t\t\t\t\t\t<\/div>\n\t\t\t\t\t\t<\/div>\n\t\t\t\t\t<\/div>\n\t\t\t\t<\/div>\n\t\t\t<\/div>\t\t\t\n\n\t\t\t\t\n\t\t\t\t<\/div>\n\t\t\t\t<\/div>\n\t\t\t\t\t<\/div>\n\t\t<\/div>\n\t\t\t\t<div class=\"elementor-column elementor-col-50 elementor-inner-column elementor-element elementor-element-107aea60\" data-id=\"107aea60\" data-element_type=\"column\">\n\t\t\t<div class=\"elementor-widget-wrap elementor-element-populated\">\n\t\t\t\t\t\t<div class=\"elementor-element elementor-element-1e0c64f6 poket-star-rating--align-center poket-star-rating-mobile--align-left poket-star-rating--align-center elementor-widget elementor-widget-witr_section_button\" data-id=\"1e0c64f6\" data-element_type=\"widget\" data-widget_type=\"witr_section_button.default\">\n\t\t\t\t<div class=\"elementor-widget-container\">\n\t\t\t<!-- area -->\n\t\t\t<div class=\"witr_button_area\">\n\n\t\t\t\t\t\t\t\t<!--  post meta -->\n\n\n\t\t\t\t\t\t\t\t\t<!-- btn default style -->\n\t\t\t\t\t<div class=\"witr_btn_style mr\">\n\t\t\t\t\t\t<div class=\"witr_btn_sinner\">\t\n\t\t\t\t\t\t\n\t\t\t\t\t\t\t\t\t\t\t\t\t\t\t\t\t\t\t\t\t\t\t\t\t\t<a href=\"https:\/\/fsz-herzogenaurach.de\/en\/contact\/\" class=\"witr_btn\">Send request\t\t\t\t\t\t\t\t\t\t\t<!-- icon -->\n\t\t\t\t\t\t\t\t\t\t\t\t\t\t\t\t\t\t\t\t\t\t\n\t\t\t\t\t\t\t\t\t\t<\/a>\n\t\t\t\t\t\t\t\t\t\t\t\t\t\t\t\t\t\t\t\n\t\t\t\t\t\t\t\t\t\t\t\t\t\t\t\t\n\t\t\t\t\t\t\t\t\t\t\t\t\t\t\t\t\t\t\t\t\t\t\t\t\t\t\t\t\t\n\t\t\t\t\t\t\t\t\t\t\t\t\t\t\t\n\t\t\t\t\t\t\n\t\t\t\t\t\t<\/div>\t\t\t\t\t\t\n\t\t\t\t\t<\/div>\n\t\t\t\t\t\t\n\t\t\t\n\n\n\n\t\t\t<\/div>\n<!-- end area -->\n  \n\n\t\t<\/div>\n\t\t\t\t<\/div>\n\t\t\t\t\t<\/div>\n\t\t<\/div>\n\t\t\t\t\t<\/div>\n\t\t<\/section>\n\t\t\t\t\t<\/div>\n\t\t<\/div>\n\t\t\t\t\t<\/div>\n\t\t<\/section>\n\t\t\t\t<\/div>\n\t\t","protected":false},"excerpt":{"rendered":"<p>T\u00dcV directly with us T\u00dcV appointments fast and uncomplicated Bring your car to us tomorrow and pick it up in the evening with a new T\u00dcV sticker! With us, you can not only have your car subjected to the T\u00dcV inspection, but we can also check your car in advance on request in order to [&hellip;]<\/p>\n","protected":false},"author":1,"featured_media":0,"parent":0,"menu_order":0,"comment_status":"closed","ping_status":"closed","template":"template-blank.php","meta":{"footnotes":""},"class_list":["post-8675","page","type-page","status-publish","hentry"],"_links":{"self":[{"href":"https:\/\/fsz-herzogenaurach.de\/en\/wp-json\/wp\/v2\/pages\/8675","targetHints":{"allow":["GET"]}}],"collection":[{"href":"https:\/\/fsz-herzogenaurach.de\/en\/wp-json\/wp\/v2\/pages"}],"about":[{"href":"https:\/\/fsz-herzogenaurach.de\/en\/wp-json\/wp\/v2\/types\/page"}],"author":[{"embeddable":true,"href":"https:\/\/fsz-herzogenaurach.de\/en\/wp-json\/wp\/v2\/users\/1"}],"replies":[{"embeddable":true,"href":"https:\/\/fsz-herzogenaurach.de\/en\/wp-json\/wp\/v2\/comments?post=8675"}],"version-history":[{"count":19,"href":"https:\/\/fsz-herzogenaurach.de\/en\/wp-json\/wp\/v2\/pages\/8675\/revisions"}],"predecessor-version":[{"id":9255,"href":"https:\/\/fsz-herzogenaurach.de\/en\/wp-json\/wp\/v2\/pages\/8675\/revisions\/9255"}],"wp:attachment":[{"href":"https:\/\/fsz-herzogenaurach.de\/en\/wp-json\/wp\/v2\/media?parent=8675"}],"curies":[{"name":"wp","href":"https:\/\/api.w.org\/{rel}","templated":true}]}}