{"id":8634,"date":"2022-01-25T09:38:12","date_gmt":"2022-01-25T08:38:12","guid":{"rendered":"https:\/\/fsz-herzogenaurach.de\/?page_id=8634"},"modified":"2022-01-26T18:01:04","modified_gmt":"2022-01-26T17:01:04","slug":"data-protection","status":"publish","type":"page","link":"https:\/\/fsz-herzogenaurach.de\/en\/data-protection\/","title":{"rendered":"Data protection"},"content":{"rendered":"\t\t<div data-elementor-type=\"wp-page\" data-elementor-id=\"8634\" class=\"elementor elementor-8634 elementor-3\">\n\t\t\t\t\t\t<section class=\"elementor-section elementor-top-section elementor-element elementor-element-3e8af979 elementor-section-boxed elementor-section-height-default elementor-section-height-default\" data-id=\"3e8af979\" data-element_type=\"section\">\n\t\t\t\t\t\t<div class=\"elementor-container elementor-column-gap-default\">\n\t\t\t\t\t<div class=\"elementor-column elementor-col-100 elementor-top-column elementor-element elementor-element-2f928dd0\" data-id=\"2f928dd0\" data-element_type=\"column\">\n\t\t\t<div class=\"elementor-widget-wrap elementor-element-populated\">\n\t\t\t\t\t\t<div class=\"elementor-element elementor-element-080d4ee poket-star-rating--align-center elementor-widget elementor-widget-witr_section_title\" data-id=\"080d4ee\" data-element_type=\"widget\" data-widget_type=\"witr_section_title.default\">\n\t\t\t\t<div class=\"elementor-widget-container\">\n\t\t\t\t\t\t\t\t<!-- title left -->\n\t\t\t\t\t<div class=\"witr_section_title\">\n\t\t\t\t\t\t<div class=\"witr_section_title_inner text-left\">\n\t\t\t\t\t\t\n\t\t\t\t\t\t\t<!-- icon position -->\n\t\t\t\t\t\t\t\t\n\t\t\t\t\t\t\t<!-- end icon position -->\n\t\t\t\t\t\t\n\t\t\t\t\t\t\n\t\t\t\t\t\t\t<!-- title top -->\n\t\t\t\t\t\t\t\n\t\t\t\t\t\t\t<!-- icon position -->\n\t\t\t\t\t\t\t\t\n\t\t\t\t\t\t\t<!-- end icon position -->\n\n\t\t\t\t\t\t\t\n\t\t\t\t\t\t\t<!-- title middle -->\n\t\t\t\t\t\t\t\t\t\t\t\t\t\t\t<h3>Data protection<\/h3>\t\t\n\t\t\t\t\t\t\t\t\t\t\t\t\t\t<!-- title bottom -->\n\t\t\t\t\t\t\t\t\t\t\t\t\t\t\n\t\t\t\t\t\t\t<!-- icon position -->\n\t\t\t\t\t\t\t\t\t\t\t\t\t\t\n\t\t\t\t\t\t\t<!-- image -->\n\t\t\t\t\t\t\t\t\t\t\t\t\t\t<!-- icon -->\n\t\t\t\t\t\t\t\t\t\t\t\t\t\t\n\t\t\t\t\t\t\t<!-- bar -->\n\t\t\t\t\t\t\t\t\t\t\t\t\t\t<!-- circle bar -->\n\t\t\t\t\t\t\t\t\t\t\t\t\t\t\n\t\t\t\t\t\t\t\t\n\t\t\t\t\t\t\t<!-- end icon position -->\n\n\t\t\t\t\t\t\t<!-- content -->\n\t\t\t\t\t\t\t\t\t\t\t\t\t<\/div>\n\t\t\t\t\t\t\t<!-- inner title -->\n\t\t\t\t\t\t\t\t\t\t\t\t\t\n\t\t\t\t\t<\/div>\t\t\t\t\n\t\t\t\t\t\t<\/div>\n\t\t\t\t<\/div>\n\t\t\t\t<div class=\"elementor-element elementor-element-5b20ea76 elementor-widget elementor-widget-text-editor\" data-id=\"5b20ea76\" data-element_type=\"widget\" data-widget_type=\"text-editor.default\">\n\t\t\t\t<div class=\"elementor-widget-container\">\n\t\t\t<style>\/*! elementor - v3.21.0 - 18-04-2024 *\/\n.elementor-widget-text-editor.elementor-drop-cap-view-stacked .elementor-drop-cap{background-color:#69727d;color:#fff}.elementor-widget-text-editor.elementor-drop-cap-view-framed .elementor-drop-cap{color:#69727d;border:3px solid;background-color:transparent}.elementor-widget-text-editor:not(.elementor-drop-cap-view-default) .elementor-drop-cap{margin-top:8px}.elementor-widget-text-editor:not(.elementor-drop-cap-view-default) .elementor-drop-cap-letter{width:1em;height:1em}.elementor-widget-text-editor .elementor-drop-cap{float:left;text-align:center;line-height:1;font-size:50px}.elementor-widget-text-editor .elementor-drop-cap-letter{display:inline-block}<\/style>\t\t\t\t<div id=\"main\" class=\"twelvecol\" role=\"main\"><div id=\"cuatro\" class=\"clearfix\"><div id=\"tres\" class=\"clearfix\"><p><span style=\"text-decoration: underline;\"><strong>1. Data protection at the first glance<\/strong><\/span><\/p><strong>General notes<\/strong><br \/><p>The following information provides a simple overview of what happens to your personal data when you visit our website. Personal data is any data by which you can be personally identified.\u00a0For detailed information on the subject of data protection, please refer to our data protection declaration listed below this text.<\/p><p>Data collection on our website<\/p><p><strong>Who is responsible for the data collection on this website?<\/strong><\/p><p>Data processing on this website is carried out by the website operator. You can find his contact details in the imprint of this website.<\/p><p><strong>How do we collect your data?<\/strong><\/p><p>On the one hand, your data is collected when you provide it to us. This can be, for example, data that you enter in a contact form.<\/p><p>On the other hand, other data is automatically collected by our IT systems when you visit the website. This is mainly technical data (e.g. internet browser, operating system or time of page view).\u00a0This data is collected automatically as soon as you enter our website.<\/p><p><strong>What do we use your data for?<\/strong><\/p>A part of the data is collected to ensure error-free provision of the website. Other data may be used to analyse your user behaviour.<\/div><div>\u00a0<\/div><div class=\"clearfix\"><p><strong>What rights do you have regarding your data?<\/strong><\/p>You have the right to receive information about the origin, recipient and purpose of your stored personal data free of charge at any time. You also have the right to request the correction, blocking or deletion of this data. You can contact us at any time at the address given in the imprint for this purpose and for further questions on the subject of data protection. Furthermore, you have the right to lodge a complaint with the competent supervisory authority.<\/div><div class=\"clearfix\"><br \/><span style=\"text-decoration: underline;\"><strong>2. General notes and mandatory information<\/strong><\/span><br \/>Data protection<\/div><div class=\"clearfix\"><br \/><p>The operators of these pages take the protection of your personal data very seriously. We treat your personal data confidentially and in accordance with the statutory data protection regulations and this data protection declaration.<br \/>When you use this website, various personal data are collected. Personal data is data by which you can be personally identified. This Privacy Policy explains what information we collect and how we use it. It also explains how and for what purpose this is done.<\/p><p>We would like to point out that data transmission on the Internet (e.g. communication by e-mail) can have security gaps. Complete protection of data against access by third parties is not possible.<\/p><p><strong>Note on the responsible office<\/strong><\/p><p>The data controller for this website is:<br \/>FSZ Herzogenaurach GmbH<br \/>General Manager: Oliver M\u00fchl und Ren\u00e9 M\u00fchl<br \/>Gustav-Hertz-Stra\u00dfe 14<br \/>91074 Herzogenaurach<br \/>Tel.: 09132 \/ 791 89 20<br \/>Fax: 09132 \/ 791 89 40<br \/>Mail: info@fsz-herzogenaurach.de<\/p><p>The controller is the natural or legal person who alone or jointly with others determines the purposes and means of the processing of personal data (e.g. names, e-mail addresses or similar).<\/p><strong>Revocation of your consent to data processing<\/strong><\/div><div class=\"clearfix\"><p>Many data processing operations are only possible with your express consent. You can revoke consent you have already given at any time. For this purpose, an informal communication by e-mail to us is sufficient. The legality of the data processing carried out until the revocation remains unaffected by the revocation.<\/p><p><strong>Right of appeal to the competent supervisory authority<\/strong><\/p><p>In the event of violations of data protection law, the person concerned has the right to lodge a complaint with the competent supervisory authority. The competent supervisory authority for data protection issues is the state data protection commissioner of the federal state in which our company is based. A list of the data protection officers and their contact details can be found in the following link:<br \/>https:\/\/www.bfdi.bund.de\/DE\/Infothek\/Anschriften_Links\/anschriften_links-node.html.<\/p><p><strong>Right to data portability<\/strong><\/p><p>You have the right to have data that we process automatically on the basis of your consent or in fulfilment of a contract handed over to you or to a third party in a common, machine-readable format. If you request the direct transfer of the data to another controller, this will only be done insofar as it is technically feasible.<\/p><strong>SSL or TLS encryption<\/strong><br \/><p>For security reasons and to protect the transmission of confidential content, such as orders or enquiries that you send to us as the site operator, this site uses SSL or TLS encryption. You can recognise an encrypted connection by the fact that the address line of the browser changes from &#8220;http:\/\/&#8221; to &#8220;https:\/\/&#8221; and by the lock symbol in your browser line.<\/p><p>If SSL or TLS encryption is activated, the data you transmit to us cannot be read by third parties.<\/p><p><strong>Reference, blocking, deletion<\/strong><\/p><p>Within the framework of the applicable legal provisions, you have the right at any time to free information about your stored personal data, its origin and recipient and the purpose of the data processing and, if applicable, a right to correction, blocking or deletion of this data. For this purpose as well as for further questions on the subject of personal data, you can contact us at any time at the address given in the imprint.<\/p><p><strong>Objection to advertising e-mails<\/strong><\/p><p>The use of contact data published within the context of the imprint obligation to send advertising and information material that has not been expressly requested is hereby prohibited. The operators of the pages expressly reserve the right to take legal action in the event of the unsolicited sending of advertising information, such as spam e-mails.<\/p><p><span style=\"text-decoration: underline;\"><strong>3. Data protection officer<\/strong><\/span><\/p><p>Data protection officer required by law<\/p><p>We have appointed a data protection officer for our company.<\/p><p>FSZ Herzogenaurach GmbH<br \/>General Manager: Oliver M\u00fchl und Ren\u00e9 M\u00fchl<br \/>Gustav-Hertz-Stra\u00dfe 14<br \/>91074 Herzogenaurach<br \/>Tel.: 09132 \/ 791 89 20<br \/>Fax: 09132 \/ 791 89 40<br \/>Mail: info@fsz-herzogenaurach.de<\/p><p><span style=\"text-decoration: underline;\"><strong>4. Data collection on our website<\/strong><\/span><\/p><p><strong>Cookies<\/strong><\/p><p>Some of the Internet pages use so-called cookies. Cookies do not cause any damage to your computer and do not contain viruses. Cookies serve to make our offer more user-friendly, effective and secure. Cookies are small text files that are stored on your computer and saved by your browser.<\/p><p>Most of the cookies we use are so-called &#8220;session cookies&#8221;. They are automatically deleted at the end of your visit. Other cookies remain stored on your terminal device until you delete them. These cookies enable us to recognise your browser on your next visit.<br \/>You can set your browser so that you are informed about the setting of cookies and only allow cookies in individual cases, exclude the acceptance of cookies for certain cases or generally and activate the automatic deletion of cookies when closing the browser. If you deactivate cookies, the functionality of this website may be limited.<\/p><p>Cookies that are required to carry out the electronic communication process or to provide certain functions you have requested (e.g. shopping cart function) are stored on the basis of Art. 6 (1) lit. f DSGVO. The website operator has a legitimate interest in storing cookies for the technically error-free and optimised provision of its services. Insofar as other cookies (e.g. cookies to analyse your surfing behaviour) are stored, these are treated separately in this data protection declaration.<\/p><strong>Server log files<\/strong><\/div><div class=\"clearfix\"><br \/><p>The provider of the pages automatically collects and stores information in so-called server log files, which your browser automatically transmits to us. These are:<br \/>\u2022 Browser type and version<br \/>\u2022 Operating system used<br \/>\u2022 Referrer URL<br \/>\u2022 Host name of the accessing computer<br \/>\u2022 Time of the server request<br \/>\u2022 IP address<\/p><p>This data is not merged with other data sources.<\/p><p>The basis for data processing is Art. 6 para. 1 lit. b DSGVO, which permits the processing of data for the fulfilment of a contract or pre-contractual measures.<\/p><p><span style=\"text-decoration: underline;\"><strong>5. Plugins and tools<\/strong><\/span><\/p><p><strong>Google Maps<\/strong><\/p><p>This site uses the map service Google Maps via an API. The provider is Google Inc, 1600 Amphitheatre Parkway, Mountain View, CA 94043, USA.<br \/>To use the functions of Google Maps, it is necessary to store your IP address. This information is usually transferred to a Google server in the USA and stored there. The provider of this site has no influence on this data transmission.<\/p><p>Google Maps is used in the interest of an appealing presentation of our online offers and to make it easy to find the places we have indicated on the website. This constitutes a legitimate interest within the meaning of Art. 6 para. 1 lit. f DSGVO.<\/p><p>You can find more information on the handling of user data in Google&#8217;s privacy policy:<\/p><p>https:\/\/www.google.de\/intl\/de\/policies\/privacy\/.<\/p><\/div><\/div><\/div>\t\t\t\t\t\t<\/div>\n\t\t\t\t<\/div>\n\t\t\t\t\t<\/div>\n\t\t<\/div>\n\t\t\t\t\t<\/div>\n\t\t<\/section>\n\t\t\t\t<\/div>\n\t\t","protected":false},"excerpt":{"rendered":"<p>Data protection 1. Data protection at the first glance General notes The following information provides a simple overview of what happens to your personal data when you visit our website. Personal data is any data by which you can be personally identified.\u00a0For detailed information on the subject of data protection, please refer to our data [&hellip;]<\/p>\n","protected":false},"author":1,"featured_media":0,"parent":0,"menu_order":0,"comment_status":"closed","ping_status":"open","template":"template-home.php","meta":{"footnotes":""},"class_list":["post-8634","page","type-page","status-publish","hentry"],"_links":{"self":[{"href":"https:\/\/fsz-herzogenaurach.de\/en\/wp-json\/wp\/v2\/pages\/8634","targetHints":{"allow":["GET"]}}],"collection":[{"href":"https:\/\/fsz-herzogenaurach.de\/en\/wp-json\/wp\/v2\/pages"}],"about":[{"href":"https:\/\/fsz-herzogenaurach.de\/en\/wp-json\/wp\/v2\/types\/page"}],"author":[{"embeddable":true,"href":"https:\/\/fsz-herzogenaurach.de\/en\/wp-json\/wp\/v2\/users\/1"}],"replies":[{"embeddable":true,"href":"https:\/\/fsz-herzogenaurach.de\/en\/wp-json\/wp\/v2\/comments?post=8634"}],"version-history":[{"count":109,"href":"https:\/\/fsz-herzogenaurach.de\/en\/wp-json\/wp\/v2\/pages\/8634\/revisions"}],"predecessor-version":[{"id":9048,"href":"https:\/\/fsz-herzogenaurach.de\/en\/wp-json\/wp\/v2\/pages\/8634\/revisions\/9048"}],"wp:attachment":[{"href":"https:\/\/fsz-herzogenaurach.de\/en\/wp-json\/wp\/v2\/media?parent=8634"}],"curies":[{"name":"wp","href":"https:\/\/api.w.org\/{rel}","templated":true}]}}