{"id":8632,"date":"2022-01-25T09:37:20","date_gmt":"2022-01-25T08:37:20","guid":{"rendered":"https:\/\/fsz-herzogenaurach.de\/?page_id=8632"},"modified":"2022-01-26T18:25:24","modified_gmt":"2022-01-26T17:25:24","slug":"imprint","status":"publish","type":"page","link":"https:\/\/fsz-herzogenaurach.de\/en\/imprint\/","title":{"rendered":"Imprint"},"content":{"rendered":"\t\t<div data-elementor-type=\"wp-page\" data-elementor-id=\"8632\" class=\"elementor elementor-8632 elementor-8285\">\n\t\t\t\t\t\t<section class=\"elementor-section elementor-top-section elementor-element elementor-element-a9e519e elementor-section-boxed elementor-section-height-default elementor-section-height-default\" data-id=\"a9e519e\" data-element_type=\"section\">\n\t\t\t\t\t\t<div class=\"elementor-container elementor-column-gap-default\">\n\t\t\t\t\t<div class=\"elementor-column elementor-col-100 elementor-top-column elementor-element elementor-element-59a4488\" data-id=\"59a4488\" data-element_type=\"column\">\n\t\t\t<div class=\"elementor-widget-wrap elementor-element-populated\">\n\t\t\t\t\t\t<div class=\"elementor-element elementor-element-5c63713 poket-star-rating--align-center elementor-widget elementor-widget-witr_section_title\" data-id=\"5c63713\" data-element_type=\"widget\" data-widget_type=\"witr_section_title.default\">\n\t\t\t\t<div class=\"elementor-widget-container\">\n\t\t\t\t\t\t\t\t<!-- title left -->\n\t\t\t\t\t<div class=\"witr_section_title\">\n\t\t\t\t\t\t<div class=\"witr_section_title_inner text-left\">\n\t\t\t\t\t\t\n\t\t\t\t\t\t\t<!-- icon position -->\n\t\t\t\t\t\t\t\t\n\t\t\t\t\t\t\t<!-- end icon position -->\n\t\t\t\t\t\t\n\t\t\t\t\t\t\n\t\t\t\t\t\t\t<!-- title top -->\n\t\t\t\t\t\t\t\n\t\t\t\t\t\t\t<!-- icon position -->\n\t\t\t\t\t\t\t\t\n\t\t\t\t\t\t\t<!-- end icon position -->\n\n\t\t\t\t\t\t\t\n\t\t\t\t\t\t\t<!-- title middle -->\n\t\t\t\t\t\t\t\t\t\t\t\t\t\t\t<h3>Imprint<\/h3>\t\t\n\t\t\t\t\t\t\t\t\t\t\t\t\t\t<!-- title bottom -->\n\t\t\t\t\t\t\t\t\t\t\t\t\t\t\n\t\t\t\t\t\t\t<!-- icon position -->\n\t\t\t\t\t\t\t\t\t\t\t\t\t\t\n\t\t\t\t\t\t\t<!-- image -->\n\t\t\t\t\t\t\t\t\t\t\t\t\t\t<!-- icon -->\n\t\t\t\t\t\t\t\t\t\t\t\t\t\t\n\t\t\t\t\t\t\t<!-- bar -->\n\t\t\t\t\t\t\t\t\t\t\t\t\t\t<!-- circle bar -->\n\t\t\t\t\t\t\t\t\t\t\t\t\t\t\n\t\t\t\t\t\t\t\t\n\t\t\t\t\t\t\t<!-- end icon position -->\n\n\t\t\t\t\t\t\t<!-- content -->\n\t\t\t\t\t\t\t\t\t\t\t\t\t<\/div>\n\t\t\t\t\t\t\t<!-- inner title -->\n\t\t\t\t\t\t\t\t\t\t\t\t\t\n\t\t\t\t\t<\/div>\t\t\t\t\n\t\t\t\t\t\t<\/div>\n\t\t\t\t<\/div>\n\t\t\t\t<div class=\"elementor-element elementor-element-a0f99e0 elementor-widget elementor-widget-text-editor\" data-id=\"a0f99e0\" data-element_type=\"widget\" data-widget_type=\"text-editor.default\">\n\t\t\t\t<div class=\"elementor-widget-container\">\n\t\t\t<style>\/*! elementor - v3.21.0 - 18-04-2024 *\/\n.elementor-widget-text-editor.elementor-drop-cap-view-stacked .elementor-drop-cap{background-color:#69727d;color:#fff}.elementor-widget-text-editor.elementor-drop-cap-view-framed .elementor-drop-cap{color:#69727d;border:3px solid;background-color:transparent}.elementor-widget-text-editor:not(.elementor-drop-cap-view-default) .elementor-drop-cap{margin-top:8px}.elementor-widget-text-editor:not(.elementor-drop-cap-view-default) .elementor-drop-cap-letter{width:1em;height:1em}.elementor-widget-text-editor .elementor-drop-cap{float:left;text-align:center;line-height:1;font-size:50px}.elementor-widget-text-editor .elementor-drop-cap-letter{display:inline-block}<\/style>\t\t\t\t<div id=\"main\" class=\"twelvecol\" role=\"main\"><div id=\"cuatro\" class=\"clearfix\"><div id=\"tres\" class=\"clearfix\"><p><strong>FSZ Herzogenaurach GmbH<\/strong><br \/>Gustav-Hertz-Stra\u00dfe 14<br \/>91074 Herzogenaurach<br \/>Tel.: 09132 \/ 791 89 20<br \/>Fax: 09132 \/\u00a0791 89 40<br \/>Mail: <a href=\"mailto:info@fsz-herzogenaurach.de\">info@fsz-herzogenaurach.de<\/a><br \/>www.fsz-herzogenaurach.de<\/p><p>USt.-ID: DE 304 003 418<br \/>Chamber of Crafts for Middle Franconia, Nuremberg<br \/>General manager: Oliver M\u00fchl and Ren\u00e9 M\u00fchl<\/p><p>Responsible for this website in terms of media law: Oliver M\u00fchl<\/p><p>Notice pursuant to \u00a7 36 of the Consumer Dispute Resolution Act (VSGB):<br \/>We do not participate in dispute resolution proceedings before a consumer arbitration board.<\/p><p><b>Disclaimer<\/b><\/p><p><strong>Liability for contents<\/strong><\/p><p>As a service provider, we are responsible for our own content on these pages in accordance with general legislation pursuant to Section 7 (1) of the German Telemedia Act (TMG). However, according to \u00a7\u00a7 8 to 10 TMG, we are not obliged as a service provider to monitor transmitted or stored third-party information or to investigate circumstances that indicate illegal activity.<\/p><p>Obligations to remove or block the use of information in accordance with general laws remain unaffected by this. However, liability in this regard is only possible from the time of knowledge of a concrete infringement. If we become aware of corresponding infringements, we will remove this content immediately.<\/p><p><strong>Liability for links<\/strong><\/p><p>Our offer contains links to external websites of third parties, on whose contents we have no influence. Therefore, we cannot assume any liability for these external contents. The respective provider or operator of the pages is always responsible for the content of the linked pages. The linked pages were checked for possible legal violations at the time of linking. Illegal contents were not recognisable at the time of linking.<\/p><p>However, a permanent control of the contents of the linked pages is not reasonable without concrete evidence of a violation of the law. If we become aware of any infringements of the law, we will remove such links immediately.<\/p><p><strong>Copyright<\/strong><\/p><p>The content and works created by the site operators on these pages are subject to German copyright law. Duplication, processing, distribution and any kind of exploitation outside the limits of copyright law require the written consent of the respective author or creator. Downloads and copies of this site are only permitted for private, non-commercial use.<\/p><p>Insofar as the content on this page was not created by the operator, the copyrights of third parties are respected. In particular, third-party content is identified as such. Should you nevertheless become aware of a copyright infringement, please inform us accordingly. If we become aware of any infringements, we will remove such content immediately.<\/p><p><i>Source: <a href=\"https:\/\/www.e-recht24.de\">eRecht24<\/a><\/i><\/p><\/div><\/div><\/div>\t\t\t\t\t\t<\/div>\n\t\t\t\t<\/div>\n\t\t\t\t\t<\/div>\n\t\t<\/div>\n\t\t\t\t\t<\/div>\n\t\t<\/section>\n\t\t\t\t<\/div>\n\t\t","protected":false},"excerpt":{"rendered":"<p>Imprint FSZ Herzogenaurach GmbHGustav-Hertz-Stra\u00dfe 1491074 HerzogenaurachTel.: 09132 \/ 791 89 20Fax: 09132 \/\u00a0791 89 40Mail: info@fsz-herzogenaurach.dewww.fsz-herzogenaurach.de USt.-ID: DE 304 003 418Chamber of Crafts for Middle Franconia, NurembergGeneral manager: Oliver M\u00fchl and Ren\u00e9 M\u00fchl Responsible for this website in terms of media law: Oliver M\u00fchl Notice pursuant to \u00a7 36 of the Consumer Dispute Resolution Act [&hellip;]<\/p>\n","protected":false},"author":1,"featured_media":0,"parent":0,"menu_order":0,"comment_status":"closed","ping_status":"closed","template":"template-home.php","meta":{"footnotes":""},"class_list":["post-8632","page","type-page","status-publish","hentry"],"_links":{"self":[{"href":"https:\/\/fsz-herzogenaurach.de\/en\/wp-json\/wp\/v2\/pages\/8632","targetHints":{"allow":["GET"]}}],"collection":[{"href":"https:\/\/fsz-herzogenaurach.de\/en\/wp-json\/wp\/v2\/pages"}],"about":[{"href":"https:\/\/fsz-herzogenaurach.de\/en\/wp-json\/wp\/v2\/types\/page"}],"author":[{"embeddable":true,"href":"https:\/\/fsz-herzogenaurach.de\/en\/wp-json\/wp\/v2\/users\/1"}],"replies":[{"embeddable":true,"href":"https:\/\/fsz-herzogenaurach.de\/en\/wp-json\/wp\/v2\/comments?post=8632"}],"version-history":[{"count":25,"href":"https:\/\/fsz-herzogenaurach.de\/en\/wp-json\/wp\/v2\/pages\/8632\/revisions"}],"predecessor-version":[{"id":9093,"href":"https:\/\/fsz-herzogenaurach.de\/en\/wp-json\/wp\/v2\/pages\/8632\/revisions\/9093"}],"wp:attachment":[{"href":"https:\/\/fsz-herzogenaurach.de\/en\/wp-json\/wp\/v2\/media?parent=8632"}],"curies":[{"name":"wp","href":"https:\/\/api.w.org\/{rel}","templated":true}]}}